{"id":100,"date":"2021-06-29T22:23:31","date_gmt":"2021-06-29T22:23:31","guid":{"rendered":"https:\/\/psicologiaintegra.com.mx\/?page_id=100"},"modified":"2021-07-15T14:04:56","modified_gmt":"2021-07-15T14:04:56","slug":"informacion-psicologia-integral","status":"publish","type":"page","link":"https:\/\/www.psicologiaintegra.com.mx\/index.php\/informacion-psicologia-integral\/","title":{"rendered":"Informaci\u00f3n de Psicolog\u00eda Integral"},"content":{"rendered":"<p>[et_pb_section fb_built=\u00bb1&#8243; custom_padding_last_edited=\u00bbon|desktop\u00bb admin_label=\u00bbHeader\u00bb _builder_version=\u00bb4.9.7&#8243; background_image=\u00bbhttps:\/\/psicologiaintegra.com.mx\/wp-content\/uploads\/2021\/07\/casi-blanco.jpg\u00bb custom_margin=\u00bb40px|40px||40px|false|true\u00bb custom_margin_tablet=\u00bb\u00bb custom_margin_phone=\u00bb20px|20px||20px|false|true\u00bb custom_margin_last_edited=\u00bbon|desktop\u00bb custom_padding=\u00bb62px|0px|0px|||\u00bb custom_padding_tablet=\u00bb40px||||false|false\u00bb custom_padding_phone=\u00bb\u00bb border_radii_phone=\u00bbon|20px|20px|20px|20px\u00bb border_radii_last_edited=\u00bboff|desktop\u00bb locked=\u00bboff\u00bb][et_pb_row custom_padding_last_edited=\u00bbon|tablet\u00bb _builder_version=\u00bb4.9.7&#8243; background_enable_color=\u00bboff\u00bb background_enable_image=\u00bboff\u00bb parallax=\u00bbon\u00bb transform_scale_tablet=\u00bb\u00bb transform_scale_phone=\u00bb\u00bb transform_scale_last_edited=\u00bbon|desktop\u00bb transform_translate=\u00bb30px|0px\u00bb transform_translate_tablet=\u00bb0px|0px\u00bb transform_translate_phone=\u00bb\u00bb transform_translate_last_edited=\u00bbon|tablet\u00bb transform_translate_linked=\u00bboff\u00bb transform_rotate_tablet=\u00bb\u00bb transform_rotate_phone=\u00bb\u00bb transform_rotate_last_edited=\u00bbon|desktop\u00bb transform_skew_tablet=\u00bb\u00bb transform_skew_phone=\u00bb\u00bb transform_skew_last_edited=\u00bbon|desktop\u00bb transform_origin_tablet=\u00bb\u00bb transform_origin_phone=\u00bb\u00bb transform_origin_last_edited=\u00bbon|desktop\u00bb transform_styles_last_edited=\u00bbon|tablet\u00bb width_tablet=\u00bb90%\u00bb width_phone=\u00bb\u00bb width_last_edited=\u00bbon|desktop\u00bb max_width=\u00bb1200px\u00bb custom_padding=\u00bb84px|60px|84px|60px|true|true\u00bb custom_padding_tablet=\u00bb60px||60px||true|true\u00bb custom_padding_phone=\u00bb40px|20px|40px|20px|true|true\u00bb filter_hue_rotate=\u00bb60deg\u00bb transform_styles_tablet=\u00bb\u00bb transform_styles_phone=\u00bb\u00bb border_radii_phone=\u00bboff|8px|8px||\u00bb border_radii_last_edited=\u00bboff|desktop\u00bb box_shadow_style=\u00bbpreset3&#8243; box_shadow_vertical=\u00bb40px\u00bb box_shadow_blur=\u00bb110px\u00bb box_shadow_spread=\u00bb0px\u00bb box_shadow_color=\u00bbrgba(9,6,38,0.62)\u00bb][et_pb_column type=\u00bb4_4&#8243; _builder_version=\u00bb3.26&#8243;][et_pb_text _builder_version=\u00bb4.9.7&#8243; text_font_size=\u00bb17px\u00bb text_line_height=\u00bb1.6em\u00bb header_font=\u00bbTaviraj||||||||\u00bb header_font_size=\u00bb60px\u00bb header_line_height=\u00bb1.2em\u00bb max_width_last_edited=\u00bboff|desktop\u00bb hover_enabled=\u00bb0&#8243; text_font_size_tablet=\u00bb18px\u00bb text_font_size_phone=\u00bb16px\u00bb text_font_size_last_edited=\u00bbon|tablet\u00bb header_font_size_tablet=\u00bb40px\u00bb header_font_size_phone=\u00bb30px\u00bb header_font_size_last_edited=\u00bbon|desktop\u00bb locked=\u00bboff\u00bb sticky_enabled=\u00bb0&#8243; custom_margin=\u00bb||34px|||\u00bb]<\/p>\n<h1 style=\"text-align: center;\"><span style=\"color: #95979a;\">Informaci\u00f3n de Psicolog\u00eda Integral<\/span><\/h1>\n<p style=\"text-align: center;\"><span style=\"color: #000000;\">Psicolog\u00eda integral es un espacio donde podr\u00e1s encontrar herramientas para tu bienestar emocional y trascendencia de vida.<\/span><\/p>\n<p>[\/et_pb_text][\/et_pb_column][\/et_pb_row][\/et_pb_section][et_pb_section fb_built=\u00bb1&#8243; _builder_version=\u00bb4.9.7&#8243; _module_preset=\u00bbdefault\u00bb background_color=\u00bbRGBA(0,0,0,0)\u00bb min_height=\u00bb76px\u00bb custom_margin=\u00bb-49px|||||\u00bb custom_padding=\u00bb0px||6px|||\u00bb][et_pb_row _builder_version=\u00bb4.9.7&#8243; _module_preset=\u00bbdefault\u00bb custom_margin=\u00bb-26px|auto||auto||\u00bb custom_padding=\u00bb7px|||||\u00bb][et_pb_column type=\u00bb4_4&#8243; _builder_version=\u00bb4.9.7&#8243; _module_preset=\u00bbdefault\u00bb][et_pb_button button_url=\u00bbhttps:\/\/wa.link\/497met\u00bb button_text=\u00bbProgramar una cita\u00bb button_alignment=\u00bbcenter\u00bb button_alignment_tablet=\u00bbleft\u00bb button_alignment_last_edited=\u00bboff|tablet\u00bb _builder_version=\u00bb4.9.7&#8243; custom_button=\u00bbon\u00bb button_text_size=\u00bb16px\u00bb button_text_color=\u00bb#ffffff\u00bb button_bg_color=\u00bb#7bc68d\u00bb button_bg_use_color_gradient=\u00bbon\u00bb button_bg_color_gradient_start=\u00bb#7bc68d\u00bb button_bg_color_gradient_end=\u00bb#007711&#8243; button_bg_color_gradient_start_position=\u00bb39%\u00bb button_border_width=\u00bb0px\u00bb button_border_color=\u00bbrgba(0,0,0,0)\u00bb button_border_radius=\u00bb0px\u00bb button_font=\u00bbHind|600|||||||\u00bb custom_margin=\u00bb-16px|||||\u00bb custom_margin_tablet=\u00bb|||50px|false|false\u00bb custom_margin_last_edited=\u00bboff|tablet\u00bb custom_padding=\u00bb0px||10px||false|true\u00bb box_shadow_style=\u00bbpreset3&#8243; box_shadow_vertical=\u00bb10px\u00bb box_shadow_blur=\u00bb40px\u00bb box_shadow_spread=\u00bb-12px\u00bb box_shadow_color=\u00bb#000000&#8243; button_bg_color__hover_enabled=\u00bboff\u00bb min_height=\u00bb65px\u00bb][\/et_pb_button][\/et_pb_column][\/et_pb_row][\/et_pb_section][et_pb_section fb_built=\u00bb1&#8243; admin_label=\u00bbServices\u00bb _builder_version=\u00bb4.9.7&#8243; background_color=\u00bbrgba(0,0,0,0)\u00bb background_enable_image=\u00bboff\u00bb custom_margin=\u00bb|40px||40px|false|true\u00bb custom_margin_tablet=\u00bb\u00bb custom_margin_phone=\u00bb|20px||20px|false|true\u00bb custom_margin_last_edited=\u00bbon|tablet\u00bb custom_padding=\u00bb0px||29px|||\u00bb][et_pb_row column_structure=\u00bb2_3,1_3&#8243; _builder_version=\u00bb4.9.7&#8243; _module_preset=\u00bbdefault\u00bb][et_pb_column type=\u00bb2_3&#8243; _builder_version=\u00bb4.9.7&#8243; _module_preset=\u00bbdefault\u00bb][et_pb_text _builder_version=\u00bb4.9.7&#8243; _module_preset=\u00bbdefault\u00bb text_letter_spacing=\u00bb1px\u00bb background_color=\u00bb#f9f5ea\u00bb background_enable_image=\u00bboff\u00bb custom_margin=\u00bb|-7px||||\u00bb custom_padding=\u00bb20px|20px|20px|20px|false|false\u00bb border_radii=\u00bbon|20px|20px|20px|20px\u00bb border_width_all=\u00bb2px\u00bb border_color_all=\u00bb#FFFFFF\u00bb box_shadow_style=\u00bbpreset3&#8243;]<\/p>\n<p style=\"text-align: justify;\"><span style=\"color: #000000;\"><b>Misi\u00f3n:<\/b><\/span><\/p>\n<p style=\"text-align: justify;\"><span style=\"font-weight: 400; color: #000000;\">\u201cAcompa\u00f1ar a las personas en sus experiencias de vida a trav\u00e9s de escucha y t\u00e9cnicas que tienen como objetivo trascender en la vida\u201d.<\/span><\/p>\n<h5 style=\"text-align: justify;\"><span style=\"color: #000000;\"><b>Visi\u00f3n:<\/b><\/span><\/h5>\n<p style=\"text-align: justify;\"><span style=\"font-weight: 400; color: #000000;\">\u201cInspirar a sentir emociones para vivir, trascender y dejar huella en la vida de cada ser humano\u201d.<\/span><\/p>\n<h5 style=\"text-align: justify;\"><span style=\"color: #000000;\"><b>Prop\u00f3sito:<\/b><\/span><\/h5>\n<p style=\"text-align: justify;\"><span style=\"font-weight: 400; color: #000000;\">El auto-reconocimiento, identificando que las acciones del pasado no fueron \u201cbuenas ni malas\u201d pero que ahora ya no son \u00fatiles y es por eso que deseamos evolucionar y transformar nuestra visi\u00f3n de entender nuestro existir sin juzgar, agredir o justificar las acciones que nos ayudaron a sobrevivir.<br \/><\/span><\/p>\n<h5 style=\"text-align: justify;\"><span style=\"color: #000000;\"><b>Promesa del servicio:<\/b><\/span><\/h5>\n<p style=\"text-align: justify;\"><span style=\"font-weight: 400; color: #000000;\">Queremos que le des sentido a\u00a0 tu vida y trascender, incluso en los momentos donde parece que nada tiene sentido.<br \/><\/span><\/p>\n<h5 style=\"text-align: justify;\"><span style=\"color: #000000;\"><b><\/b><\/span><\/h5>\n<h5 style=\"text-align: justify;\"><span style=\"color: #000000;\"><b>Pilares que fortalecen la terapia:<\/b><\/span><\/h5>\n<ol style=\"text-align: justify;\">\n<li><span style=\"font-weight: 400; color: #000000;\"> Conocimiento<\/span><\/li>\n<li><span style=\"font-weight: 400; color: #000000;\"> Escucha<\/span><\/li>\n<li><span style=\"font-weight: 400; color: #000000;\"> Comprensi\u00f3n<\/span><\/li>\n<li><span style=\"font-weight: 400; color: #000000;\"> Acompa\u00f1amiento<\/span><\/li>\n<li><span style=\"font-weight: 400; color: #000000;\"> Ense\u00f1anza<\/span><\/li>\n<\/ol>\n<h5 style=\"text-align: justify;\"><span style=\"color: #000000;\"><b>Objetivos:<\/b><\/span><\/h5>\n<ol>\n<li style=\"text-align: justify;\"><span style=\"font-weight: 400; color: #000000;\"> Observar la \u201cpsique\u201d que ser\u00e1 la gu\u00eda para el auto descubrimiento.<\/span><\/li>\n<li style=\"text-align: justify;\"><span style=\"font-weight: 400; color: #000000;\"> Escuchar los s\u00edntomas y emociones.<\/span><\/li>\n<li style=\"text-align: justify;\"><span style=\"font-weight: 400; color: #000000;\"> Comprensi\u00f3n sin juzgar, agredir ni justificar.<\/span><\/li>\n<li style=\"text-align: justify;\"><span style=\"font-weight: 400; color: #000000;\"> Aprender o reaprender nuevas formas de vivir.<\/span><\/li>\n<li style=\"text-align: justify;\"><span style=\"font-weight: 400; color: #000000;\"> Acompa\u00f1ar al paciente\u00a0 ayudarse a s\u00ed mismo.<\/span><\/li>\n<li style=\"text-align: justify;\"><span style=\"font-weight: 400; color: #000000;\"> Desarrollar o potencializar herramientas para gestionar el presente y as\u00ed evolucionar para la trascendencia a trav\u00e9s de la auto-ense\u00f1anza.<\/span><\/li>\n<\/ol>\n<p>[\/et_pb_text][\/et_pb_column][et_pb_column type=\u00bb1_3&#8243; _builder_version=\u00bb4.9.7&#8243; _module_preset=\u00bbdefault\u00bb][et_pb_text _builder_version=\u00bb4.9.7&#8243; _module_preset=\u00bbdefault\u00bb background_color=\u00bb#f9f5ea\u00bb background_enable_image=\u00bboff\u00bb custom_padding=\u00bb20px|20px|20px|20px|false|false\u00bb border_radii=\u00bbon|20px|20px|20px|20px\u00bb border_width_all=\u00bb2px\u00bb border_color_all=\u00bb#FFFFFF\u00bb box_shadow_style=\u00bbpreset3&#8243;]<\/p>\n<p><img decoding=\"async\" loading=\"lazy\" src=\"https:\/\/psicologiaintegra.com.mx\/wp-content\/uploads\/2021\/07\/2e0da038-terapia-mundo-psicologos-300x225.jpg\" width=\"300\" height=\"225\" alt=\"\" class=\"wp-image-231 alignnone size-medium\" \/> <img decoding=\"async\" loading=\"lazy\" src=\"https:\/\/psicologiaintegra.com.mx\/wp-content\/uploads\/2021\/07\/images.jpg\" width=\"275\" height=\"183\" alt=\"\" class=\"wp-image-232 alignnone size-medium\" \/> <img decoding=\"async\" loading=\"lazy\" src=\"https:\/\/psicologiaintegra.com.mx\/wp-content\/uploads\/2021\/07\/Psicologa-en-consultorio-con-nina-dibujando-300x200.jpg\" width=\"300\" height=\"200\" alt=\"\" class=\"wp-image-233 alignnone size-medium\" \/> <img decoding=\"async\" loading=\"lazy\" src=\"https:\/\/psicologiaintegra.com.mx\/wp-content\/uploads\/2021\/07\/psicologo-para-adicciones-en-adolescentes-en-valencia-terapia-2096x1048-1-300x150.jpg\" width=\"300\" height=\"150\" alt=\"\" class=\"wp-image-234 size-medium\" \/> <img decoding=\"async\" loading=\"lazy\" src=\"https:\/\/psicologiaintegra.com.mx\/wp-content\/uploads\/2021\/07\/terapia-psicologia-infantil-300x191.jpg\" width=\"300\" height=\"191\" alt=\"\" class=\"wp-image-222 alignnone size-medium\" \/><\/p>\n<p>[\/et_pb_text][\/et_pb_column][\/et_pb_row][\/et_pb_section][et_pb_section fb_built=\u00bb1&#8243; admin_label=\u00bbFooter\u00bb _builder_version=\u00bb3.26&#8243; background_image=\u00bbhttps:\/\/psicologiaintegra.com.mx\/wp-content\/uploads\/2021\/06\/psychiatrist_09.jpg\u00bb parallax=\u00bbon\u00bb overflow-x=\u00bbvisible\u00bb overflow-y=\u00bbvisible\u00bb custom_margin=\u00bb100px|40px|40px|40px|false|true\u00bb custom_margin_tablet=\u00bb0px||||false|false\u00bb custom_margin_phone=\u00bb|20px||20px|false|true\u00bb custom_margin_last_edited=\u00bbon|phone\u00bb][et_pb_row column_structure=\u00bb3_5,2_5&#8243; _builder_version=\u00bb3.26&#8243; width_tablet=\u00bb\u00bb width_phone=\u00bb90%\u00bb width_last_edited=\u00bbon|phone\u00bb][et_pb_column type=\u00bb3_5&#8243; _builder_version=\u00bb3.26&#8243; custom_padding=\u00bb20px||||false|false\u00bb][et_pb_contact_form captcha=\u00bboff\u00bb email=\u00bbcitas@psicologiaintegra.com.mx\u00bb title=\u00bbCont\u00e1ctanos\u00bb custom_message=\u00bbExiste una persona contact\u00e1ndose desde tu p\u00e1gina web www.integrapsicologia.com.mx te sugerimos contactarla lo antes posible.||et_pb_line_break_holder||||et_pb_line_break_holder||Los datos son de la persona son los siguientes.||et_pb_line_break_holder||Nombre: %%Nombre%%||et_pb_line_break_holder||Correo: %%Correo%%||et_pb_line_break_holder||Tel\u00e9fono: %%Telefono%%||et_pb_line_break_holder||Mensaje: %%Mensaje%%||et_pb_line_break_holder||\u00bb success_message=\u00bbTu mensaje fue enviado exitosamente, en breve un asesor se comunicar\u00e1 contigo.\u00bb submit_button_text=\u00bbEnviar\u00bb _builder_version=\u00bb4.9.7&#8243; _dynamic_attributes=\u00bblink_option_url\u00bb form_field_background_color=\u00bbrgba(255,255,255,0.7)\u00bb form_field_focus_background_color=\u00bb#ffffff\u00bb form_field_custom_margin=\u00bb||30px||false|false\u00bb form_field_font_size=\u00bb17px\u00bb form_field_line_height=\u00bb1.8em\u00bb custom_button=\u00bbon\u00bb button_text_size=\u00bb16px\u00bb button_text_color=\u00bb#ffffff\u00bb button_bg_use_color_gradient=\u00bbon\u00bb button_bg_color_gradient_start=\u00bb#7bc68d\u00bb button_bg_color_gradient_end=\u00bb#7bc68d\u00bb button_bg_color_gradient_direction=\u00bb172deg\u00bb button_border_width=\u00bb0px\u00bb button_border_color=\u00bbrgba(0,0,0,0)\u00bb button_border_radius=\u00bb0px\u00bb button_font=\u00bbHind|600|||||||\u00bb button_custom_padding=\u00bb13px||10px||false|true\u00bb link_option_url=\u00bb@ET-DC@eyJkeW5hbWljIjp0cnVlLCJjb250ZW50IjoicG9zdF9saW5rX3VybCIsInNldHRpbmdzIjp7fX0=@\u00bb button_text_shadow_style=\u00bbpreset2&#8243; box_shadow_style=\u00bbpreset3&#8243; box_shadow_vertical=\u00bb27px\u00bb box_shadow_blur=\u00bb50px\u00bb box_shadow_spread=\u00bb0px\u00bb box_shadow_color=\u00bbrgba(131,146,167,0.2)\u00bb box_shadow_style_button=\u00bbpreset3&#8243; box_shadow_vertical_button=\u00bb10px\u00bb box_shadow_blur_button=\u00bb40px\u00bb box_shadow_color_button=\u00bbrgba(0,0,0,0.46)\u00bb button_bg_color__hover_enabled=\u00bboff\u00bb][et_pb_contact_field field_id=\u00bbNombre\u00bb field_title=\u00bbNombre:\u00bb fullwidth_field=\u00bbon\u00bb _builder_version=\u00bb4.9.7&#8243; button_text_size__hover_enabled=\u00bboff\u00bb button_one_text_size__hover_enabled=\u00bboff\u00bb button_two_text_size__hover_enabled=\u00bboff\u00bb button_text_color__hover_enabled=\u00bboff\u00bb button_one_text_color__hover_enabled=\u00bboff\u00bb button_two_text_color__hover_enabled=\u00bboff\u00bb button_border_width__hover_enabled=\u00bboff\u00bb button_one_border_width__hover_enabled=\u00bboff\u00bb button_two_border_width__hover_enabled=\u00bboff\u00bb button_border_color__hover_enabled=\u00bboff\u00bb button_one_border_color__hover_enabled=\u00bboff\u00bb button_two_border_color__hover_enabled=\u00bboff\u00bb button_border_radius__hover_enabled=\u00bboff\u00bb button_one_border_radius__hover_enabled=\u00bboff\u00bb button_two_border_radius__hover_enabled=\u00bboff\u00bb button_letter_spacing__hover_enabled=\u00bboff\u00bb button_one_letter_spacing__hover_enabled=\u00bboff\u00bb button_two_letter_spacing__hover_enabled=\u00bboff\u00bb button_bg_color__hover_enabled=\u00bboff\u00bb button_one_bg_color__hover_enabled=\u00bboff\u00bb button_two_bg_color__hover_enabled=\u00bboff\u00bb][\/et_pb_contact_field][et_pb_contact_field field_id=\u00bbCorreo\u00bb field_title=\u00bbCorreo:\u00bb field_type=\u00bbemail\u00bb fullwidth_field=\u00bbon\u00bb _builder_version=\u00bb4.9.7&#8243; button_text_size__hover_enabled=\u00bboff\u00bb button_one_text_size__hover_enabled=\u00bboff\u00bb button_two_text_size__hover_enabled=\u00bboff\u00bb button_text_color__hover_enabled=\u00bboff\u00bb button_one_text_color__hover_enabled=\u00bboff\u00bb button_two_text_color__hover_enabled=\u00bboff\u00bb button_border_width__hover_enabled=\u00bboff\u00bb button_one_border_width__hover_enabled=\u00bboff\u00bb button_two_border_width__hover_enabled=\u00bboff\u00bb button_border_color__hover_enabled=\u00bboff\u00bb button_one_border_color__hover_enabled=\u00bboff\u00bb button_two_border_color__hover_enabled=\u00bboff\u00bb button_border_radius__hover_enabled=\u00bboff\u00bb button_one_border_radius__hover_enabled=\u00bboff\u00bb button_two_border_radius__hover_enabled=\u00bboff\u00bb button_letter_spacing__hover_enabled=\u00bboff\u00bb button_one_letter_spacing__hover_enabled=\u00bboff\u00bb button_two_letter_spacing__hover_enabled=\u00bboff\u00bb button_bg_color__hover_enabled=\u00bboff\u00bb button_one_bg_color__hover_enabled=\u00bboff\u00bb button_two_bg_color__hover_enabled=\u00bboff\u00bb][\/et_pb_contact_field][et_pb_contact_field field_id=\u00bbTelefono\u00bb field_title=\u00bbN\u00famero telef\u00f3nico:\u00bb fullwidth_field=\u00bbon\u00bb _builder_version=\u00bb4.9.7&#8243; button_text_size__hover_enabled=\u00bboff\u00bb button_one_text_size__hover_enabled=\u00bboff\u00bb button_two_text_size__hover_enabled=\u00bboff\u00bb button_text_color__hover_enabled=\u00bboff\u00bb button_one_text_color__hover_enabled=\u00bboff\u00bb button_two_text_color__hover_enabled=\u00bboff\u00bb button_border_width__hover_enabled=\u00bboff\u00bb button_one_border_width__hover_enabled=\u00bboff\u00bb button_two_border_width__hover_enabled=\u00bboff\u00bb button_border_color__hover_enabled=\u00bboff\u00bb button_one_border_color__hover_enabled=\u00bboff\u00bb button_two_border_color__hover_enabled=\u00bboff\u00bb button_border_radius__hover_enabled=\u00bboff\u00bb button_one_border_radius__hover_enabled=\u00bboff\u00bb button_two_border_radius__hover_enabled=\u00bboff\u00bb button_letter_spacing__hover_enabled=\u00bboff\u00bb button_one_letter_spacing__hover_enabled=\u00bboff\u00bb button_two_letter_spacing__hover_enabled=\u00bboff\u00bb button_bg_color__hover_enabled=\u00bboff\u00bb button_one_bg_color__hover_enabled=\u00bboff\u00bb button_two_bg_color__hover_enabled=\u00bboff\u00bb][\/et_pb_contact_field][et_pb_contact_field field_id=\u00bbMensaje\u00bb field_title=\u00bbMensaje:\u00bb field_type=\u00bbtext\u00bb fullwidth_field=\u00bbon\u00bb _builder_version=\u00bb4.9.7&#8243; button_text_size__hover_enabled=\u00bboff\u00bb button_one_text_size__hover_enabled=\u00bboff\u00bb button_two_text_size__hover_enabled=\u00bboff\u00bb button_text_color__hover_enabled=\u00bboff\u00bb button_one_text_color__hover_enabled=\u00bboff\u00bb button_two_text_color__hover_enabled=\u00bboff\u00bb button_border_width__hover_enabled=\u00bboff\u00bb button_one_border_width__hover_enabled=\u00bboff\u00bb button_two_border_width__hover_enabled=\u00bboff\u00bb button_border_color__hover_enabled=\u00bboff\u00bb button_one_border_color__hover_enabled=\u00bboff\u00bb button_two_border_color__hover_enabled=\u00bboff\u00bb button_border_radius__hover_enabled=\u00bboff\u00bb button_one_border_radius__hover_enabled=\u00bboff\u00bb button_two_border_radius__hover_enabled=\u00bboff\u00bb button_letter_spacing__hover_enabled=\u00bboff\u00bb button_one_letter_spacing__hover_enabled=\u00bboff\u00bb button_two_letter_spacing__hover_enabled=\u00bboff\u00bb button_bg_color__hover_enabled=\u00bboff\u00bb button_one_bg_color__hover_enabled=\u00bboff\u00bb button_two_bg_color__hover_enabled=\u00bboff\u00bb][\/et_pb_contact_field][\/et_pb_contact_form][\/et_pb_column][et_pb_column type=\u00bb2_5&#8243; _builder_version=\u00bb3.26&#8243; background_color=\u00bbrgba(255,255,255,0.3)\u00bb background_enable_image=\u00bboff\u00bb parallax=\u00bbon\u00bb transform_scale_tablet=\u00bb\u00bb transform_scale_phone=\u00bb\u00bb transform_scale_last_edited=\u00bbon|desktop\u00bb transform_translate=\u00bb0px|-160px\u00bb transform_translate_tablet=\u00bb0px|0px\u00bb transform_translate_phone=\u00bb\u00bb transform_translate_last_edited=\u00bbon|phone\u00bb transform_translate_linked=\u00bboff\u00bb transform_rotate_last_edited=\u00bboff|desktop\u00bb transform_skew_last_edited=\u00bboff|desktop\u00bb transform_origin_last_edited=\u00bboff|desktop\u00bb transform_styles_last_edited=\u00bbon|phone\u00bb custom_padding=\u00bb150px|50px|50px|50px|false|true\u00bb custom_padding_tablet=\u00bb\u00bb custom_padding_phone=\u00bb20px|20px|20px|20px|true|true\u00bb custom_padding_last_edited=\u00bbon|desktop\u00bb filter_opacity=\u00bb94%\u00bb transform_styles_tablet=\u00bb\u00bb transform_styles_phone=\u00bb\u00bb box_shadow_style=\u00bbpreset3&#8243; box_shadow_vertical=\u00bb30px\u00bb box_shadow_blur=\u00bb100px\u00bb box_shadow_spread=\u00bb40px\u00bb box_shadow_color=\u00bbrgba(102,100,126,0.16)\u00bb][et_pb_text _builder_version=\u00bb4.9.7&#8243; text_font=\u00bbTaviraj|500|||||||\u00bb text_text_color=\u00bb#000000&#8243; text_font_size=\u00bb34px\u00bb text_line_height=\u00bb1.8em\u00bb header_3_font=\u00bbTaviraj|600|||||||\u00bb header_3_text_color=\u00bbrgba(0,0,0,0.36)\u00bb header_3_font_size=\u00bb18px\u00bb header_3_line_height=\u00bb1.2em\u00bb custom_margin=\u00bb||60px||false|false\u00bb custom_margin_tablet=\u00bb\u00bb custom_margin_phone=\u00bb||30px||false|false\u00bb custom_margin_last_edited=\u00bbon|desktop\u00bb]<\/p>\n<h3>Tel\u00e9fono: <a href=\"https:\/\/wa.link\/497met\"><img decoding=\"async\" loading=\"lazy\" src=\"https:\/\/psicologiaintegra.com.mx\/wp-content\/uploads\/2021\/06\/icono-whatsapp-psicologo-sicologo-png.png\" width=\"67\" height=\"40\" alt=\"\" class=\"wp-image-116 alignnone size-full\" \/><\/a><\/h3>\n<p>722 474 5494<\/p>\n<p>[\/et_pb_text][et_pb_text _builder_version=\u00bb4.9.7&#8243; text_font=\u00bbTaviraj|600|||||||\u00bb text_text_color=\u00bb#000000&#8243; text_font_size=\u00bb15px\u00bb text_line_height=\u00bb1.8em\u00bb header_3_font=\u00bbTaviraj|600|||||||\u00bb header_3_text_color=\u00bbrgba(0,0,0,0.36)\u00bb header_3_font_size=\u00bb18px\u00bb header_3_line_height=\u00bb1.2em\u00bb custom_margin=\u00bb||60px||false|false\u00bb custom_margin_tablet=\u00bb\u00bb custom_margin_phone=\u00bb||30px||false|false\u00bb custom_margin_last_edited=\u00bbon|desktop\u00bb]<\/p>\n<h3>Domicilio<\/h3>\n<p>Mariano Matamoros 37, Xonacatlan de Vicencio, 52060 Xonacatl\u00e1n, M\u00e9x.<\/p>\n<p>[\/et_pb_text][et_pb_text _builder_version=\u00bb4.9.7&#8243; text_font=\u00bbTaviraj|600|||||||\u00bb text_text_color=\u00bb#000000&#8243; text_font_size=\u00bb15px\u00bb text_line_height=\u00bb1.8em\u00bb header_3_font=\u00bbTaviraj|600|||||||\u00bb header_3_text_color=\u00bbrgba(0,0,0,0.36)\u00bb header_3_font_size=\u00bb18px\u00bb header_3_line_height=\u00bb1.2em\u00bb custom_margin=\u00bb||60px||false|false\u00bb custom_margin_tablet=\u00bb\u00bb custom_margin_phone=\u00bb||30px||false|false\u00bb custom_margin_last_edited=\u00bbon|desktop\u00bb]<\/p>\n<h3>Horario:<\/h3>\n<p>Lunes &#8211; Viernes: 09:00 am &#8211; 06:00 pm<br \/>S\u00e1bado: 09:00 am &#8211; 02:00 pm<\/p>\n<p>[\/et_pb_text][\/et_pb_column][\/et_pb_row][\/et_pb_section]<\/p>\n","protected":false},"excerpt":{"rendered":"<p>[et_pb_section fb_built=\u00bb1&#8243; custom_padding_last_edited=\u00bbon|desktop\u00bb admin_label=\u00bbHeader\u00bb _builder_version=\u00bb4.9.7&#8243; background_image=\u00bbhttps:\/\/psicologiaintegra.com.mx\/wp-content\/uploads\/2021\/07\/casi-blanco.jpg\u00bb custom_margin=\u00bb40px|40px||40px|false|true\u00bb custom_margin_tablet=\u00bb\u00bb custom_margin_phone=\u00bb20px|20px||20px|false|true\u00bb custom_margin_last_edited=\u00bbon|desktop\u00bb custom_padding=\u00bb62px|0px|0px|||\u00bb custom_padding_tablet=\u00bb40px||||false|false\u00bb custom_padding_phone=\u00bb\u00bb border_radii_phone=\u00bbon|20px|20px|20px|20px\u00bb border_radii_last_edited=\u00bboff|desktop\u00bb locked=\u00bboff\u00bb][et_pb_row custom_padding_last_edited=\u00bbon|tablet\u00bb _builder_version=\u00bb4.9.7&#8243; background_enable_color=\u00bboff\u00bb background_enable_image=\u00bboff\u00bb parallax=\u00bbon\u00bb transform_scale_tablet=\u00bb\u00bb transform_scale_phone=\u00bb\u00bb transform_scale_last_edited=\u00bbon|desktop\u00bb transform_translate=\u00bb30px|0px\u00bb transform_translate_tablet=\u00bb0px|0px\u00bb transform_translate_phone=\u00bb\u00bb transform_translate_last_edited=\u00bbon|tablet\u00bb transform_translate_linked=\u00bboff\u00bb transform_rotate_tablet=\u00bb\u00bb transform_rotate_phone=\u00bb\u00bb transform_rotate_last_edited=\u00bbon|desktop\u00bb transform_skew_tablet=\u00bb\u00bb transform_skew_phone=\u00bb\u00bb transform_skew_last_edited=\u00bbon|desktop\u00bb transform_origin_tablet=\u00bb\u00bb transform_origin_phone=\u00bb\u00bb transform_origin_last_edited=\u00bbon|desktop\u00bb transform_styles_last_edited=\u00bbon|tablet\u00bb width_tablet=\u00bb90%\u00bb width_phone=\u00bb\u00bb width_last_edited=\u00bbon|desktop\u00bb max_width=\u00bb1200px\u00bb custom_padding=\u00bb84px|60px|84px|60px|true|true\u00bb custom_padding_tablet=\u00bb60px||60px||true|true\u00bb custom_padding_phone=\u00bb40px|20px|40px|20px|true|true\u00bb filter_hue_rotate=\u00bb60deg\u00bb transform_styles_tablet=\u00bb\u00bb transform_styles_phone=\u00bb\u00bb border_radii_phone=\u00bboff|8px|8px||\u00bb border_radii_last_edited=\u00bboff|desktop\u00bb box_shadow_style=\u00bbpreset3&#8243; box_shadow_vertical=\u00bb40px\u00bb box_shadow_blur=\u00bb110px\u00bb box_shadow_spread=\u00bb0px\u00bb [&hellip;]<\/p>\n","protected":false},"author":1,"featured_media":0,"parent":0,"menu_order":0,"comment_status":"closed","ping_status":"closed","template":"","meta":{"_et_pb_use_builder":"on","_et_pb_old_content":"","_et_gb_content_width":"","om_disable_all_campaigns":false,"_monsterinsights_skip_tracking":false,"_monsterinsights_sitenote_active":false,"_monsterinsights_sitenote_note":"","_monsterinsights_sitenote_category":0},"_links":{"self":[{"href":"https:\/\/www.psicologiaintegra.com.mx\/index.php\/wp-json\/wp\/v2\/pages\/100"}],"collection":[{"href":"https:\/\/www.psicologiaintegra.com.mx\/index.php\/wp-json\/wp\/v2\/pages"}],"about":[{"href":"https:\/\/www.psicologiaintegra.com.mx\/index.php\/wp-json\/wp\/v2\/types\/page"}],"author":[{"embeddable":true,"href":"https:\/\/www.psicologiaintegra.com.mx\/index.php\/wp-json\/wp\/v2\/users\/1"}],"replies":[{"embeddable":true,"href":"https:\/\/www.psicologiaintegra.com.mx\/index.php\/wp-json\/wp\/v2\/comments?post=100"}],"version-history":[{"count":40,"href":"https:\/\/www.psicologiaintegra.com.mx\/index.php\/wp-json\/wp\/v2\/pages\/100\/revisions"}],"predecessor-version":[{"id":280,"href":"https:\/\/www.psicologiaintegra.com.mx\/index.php\/wp-json\/wp\/v2\/pages\/100\/revisions\/280"}],"wp:attachment":[{"href":"https:\/\/www.psicologiaintegra.com.mx\/index.php\/wp-json\/wp\/v2\/media?parent=100"}],"curies":[{"name":"wp","href":"https:\/\/api.w.org\/{rel}","templated":true}]}}